{"id":3856,"date":"2021-11-19T12:11:56","date_gmt":"2021-11-19T12:11:56","guid":{"rendered":"https:\/\/arnenilssonab.se\/?page_id=3856"},"modified":"2021-11-19T12:44:55","modified_gmt":"2021-11-19T12:44:55","slug":"kulturarvet","status":"publish","type":"page","link":"https:\/\/arnenilssonab.se\/index.php\/kulturarvet\/","title":{"rendered":"Kulturarvet"},"content":{"rendered":"\t\t<div data-elementor-type=\"wp-page\" data-elementor-id=\"3856\" class=\"elementor elementor-3856\" data-elementor-post-type=\"page\">\n\t\t\t\t\t\t<section class=\"elementor-section elementor-top-section elementor-element elementor-element-7bb3d2b elementor-section-boxed elementor-section-height-default elementor-section-height-default\" data-id=\"7bb3d2b\" data-element_type=\"section\" data-e-type=\"section\">\n\t\t\t\t\t\t<div class=\"elementor-container elementor-column-gap-default\">\n\t\t\t\t\t<div class=\"elementor-column elementor-col-100 elementor-top-column elementor-element elementor-element-ea982cb\" data-id=\"ea982cb\" data-element_type=\"column\" data-e-type=\"column\">\n\t\t\t<div class=\"elementor-widget-wrap elementor-element-populated\">\n\t\t\t\t\t\t<div class=\"elementor-element elementor-element-d4419e8 elementor-widget elementor-widget-spacer\" data-id=\"d4419e8\" data-element_type=\"widget\" data-e-type=\"widget\" data-widget_type=\"spacer.default\">\n\t\t\t\t<div class=\"elementor-widget-container\">\n\t\t\t\t\t\t\t<div class=\"elementor-spacer\">\n\t\t\t<div class=\"elementor-spacer-inner\"><\/div>\n\t\t<\/div>\n\t\t\t\t\t\t<\/div>\n\t\t\t\t<\/div>\n\t\t\t\t\t<\/div>\n\t\t<\/div>\n\t\t\t\t\t<\/div>\n\t\t<\/section>\n\t\t\t\t<section class=\"elementor-section elementor-top-section elementor-element elementor-element-055b613 elementor-reverse-tablet elementor-reverse-mobile elementor-section-boxed elementor-section-height-default elementor-section-height-default\" data-id=\"055b613\" data-element_type=\"section\" data-e-type=\"section\">\n\t\t\t\t\t\t<div class=\"elementor-container elementor-column-gap-wider\">\n\t\t\t\t\t<div class=\"elementor-column elementor-col-50 elementor-top-column elementor-element elementor-element-33e347d\" data-id=\"33e347d\" data-element_type=\"column\" data-e-type=\"column\">\n\t\t\t<div class=\"elementor-widget-wrap elementor-element-populated\">\n\t\t\t\t\t\t<div class=\"elementor-element elementor-element-5e8938d elementor-widget elementor-widget-heading\" data-id=\"5e8938d\" data-element_type=\"widget\" data-e-type=\"widget\" data-widget_type=\"heading.default\">\n\t\t\t\t<div class=\"elementor-widget-container\">\n\t\t\t\t\t<h3 class=\"elementor-heading-title elementor-size-default\">Kulturarvet - allas v\u00e5rt ansvar<\/h3>\t\t\t\t<\/div>\n\t\t\t\t<\/div>\n\t\t\t\t<div class=\"elementor-element elementor-element-1d26c84 elementor-widget-divider--view-line elementor-widget elementor-widget-divider\" data-id=\"1d26c84\" data-element_type=\"widget\" data-e-type=\"widget\" data-widget_type=\"divider.default\">\n\t\t\t\t<div class=\"elementor-widget-container\">\n\t\t\t\t\t\t\t<div class=\"elementor-divider\">\n\t\t\t<span class=\"elementor-divider-separator\">\n\t\t\t\t\t\t<\/span>\n\t\t<\/div>\n\t\t\t\t\t\t<\/div>\n\t\t\t\t<\/div>\n\t\t\t\t<div class=\"elementor-element elementor-element-708f443 elementor-widget elementor-widget-spacer\" data-id=\"708f443\" data-element_type=\"widget\" data-e-type=\"widget\" data-widget_type=\"spacer.default\">\n\t\t\t\t<div class=\"elementor-widget-container\">\n\t\t\t\t\t\t\t<div class=\"elementor-spacer\">\n\t\t\t<div class=\"elementor-spacer-inner\"><\/div>\n\t\t<\/div>\n\t\t\t\t\t\t<\/div>\n\t\t\t\t<\/div>\n\t\t\t\t<div class=\"elementor-element elementor-element-780c76a elementor-widget elementor-widget-text-editor\" data-id=\"780c76a\" data-element_type=\"widget\" data-e-type=\"widget\" data-widget_type=\"text-editor.default\">\n\t\t\t\t<div class=\"elementor-widget-container\">\n\t\t\t\t\t\t\t\t\t<p>Kyrkor, kapell, f\u00f6rsamlingshem, pastorsbost\u00e4der och andra kulturbyggnader har vi till l\u00e5ns och ansvaret f\u00f6r tills vi l\u00e4mnar \u00f6ver till kommande generationer.<\/p><p>Vi kan inte bara f\u00f6rvalta och bruka dessa, vi m\u00e5ste ocks\u00e5 ta ansvar f\u00f6r att byggnaderna bevaras p\u00e5 ett f\u00f6r dessa tidstypiskt och kulturhistoriskt riktigt s\u00e4tt och att de underh\u00e5lls och renoveras med r\u00e4tt material.<\/p>\t\t\t\t\t\t\t\t<\/div>\n\t\t\t\t<\/div>\n\t\t\t\t\t<\/div>\n\t\t<\/div>\n\t\t\t\t<div class=\"elementor-column elementor-col-50 elementor-top-column elementor-element elementor-element-b65f3d0\" data-id=\"b65f3d0\" data-element_type=\"column\" data-e-type=\"column\" data-settings=\"{&quot;background_background&quot;:&quot;slideshow&quot;,&quot;background_slideshow_gallery&quot;:[],&quot;background_slideshow_loop&quot;:&quot;yes&quot;,&quot;background_slideshow_slide_duration&quot;:5000,&quot;background_slideshow_slide_transition&quot;:&quot;fade&quot;,&quot;background_slideshow_transition_duration&quot;:500}\">\n\t\t\t<div class=\"elementor-widget-wrap elementor-element-populated\">\n\t\t\t\t\t\t<div class=\"elementor-element elementor-element-56510f7 elementor-widget elementor-widget-image\" data-id=\"56510f7\" data-element_type=\"widget\" data-e-type=\"widget\" data-widget_type=\"image.default\">\n\t\t\t\t<div class=\"elementor-widget-container\">\n\t\t\t\t\t\t\t\t\t\t\t\t\t\t\t<img fetchpriority=\"high\" decoding=\"async\" width=\"800\" height=\"600\" src=\"https:\/\/arnenilssonab.se\/wp-content\/uploads\/2021\/11\/kulturhistoriska-byggnader.jpg\" class=\"attachment-full size-full wp-image-3852\" alt=\"\" srcset=\"https:\/\/arnenilssonab.se\/wp-content\/uploads\/2021\/11\/kulturhistoriska-byggnader.jpg 800w, https:\/\/arnenilssonab.se\/wp-content\/uploads\/2021\/11\/kulturhistoriska-byggnader-300x225.jpg 300w, https:\/\/arnenilssonab.se\/wp-content\/uploads\/2021\/11\/kulturhistoriska-byggnader-768x576.jpg 768w\" sizes=\"(max-width: 800px) 100vw, 800px\" \/>\t\t\t\t\t\t\t\t\t\t\t\t\t\t\t<\/div>\n\t\t\t\t<\/div>\n\t\t\t\t\t<\/div>\n\t\t<\/div>\n\t\t\t\t\t<\/div>\n\t\t<\/section>\n\t\t\t\t<section class=\"elementor-section elementor-top-section elementor-element elementor-element-9c5f139 elementor-section-boxed elementor-section-height-default elementor-section-height-default\" data-id=\"9c5f139\" data-element_type=\"section\" data-e-type=\"section\">\n\t\t\t\t\t\t<div class=\"elementor-container elementor-column-gap-default\">\n\t\t\t\t\t<div class=\"elementor-column elementor-col-50 elementor-top-column elementor-element elementor-element-fe0fa67\" data-id=\"fe0fa67\" data-element_type=\"column\" data-e-type=\"column\">\n\t\t\t<div class=\"elementor-widget-wrap elementor-element-populated\">\n\t\t\t\t\t\t<div class=\"elementor-element elementor-element-1ed04f9 elementor-widget elementor-widget-text-editor\" data-id=\"1ed04f9\" data-element_type=\"widget\" data-e-type=\"widget\" data-widget_type=\"text-editor.default\">\n\t\t\t\t<div class=\"elementor-widget-container\">\n\t\t\t\t\t\t\t\t\t<p>Det \u00e4r h\u00f6g tid att s\u00e4tta byggnadsv\u00e5rden i fokus, att m\u00e5na om det unika kulturarvet vi har. Det som oftast kan konstateras \u00e4r att det finns stora brister n\u00e4r det g\u00e4ller underh\u00e5ll av f\u00f6nster. Detta g\u00e4ller s\u00e5v\u00e4l mindre som st\u00f6rre fastigheter.<\/p>\t\t\t\t\t\t\t\t<\/div>\n\t\t\t\t<\/div>\n\t\t\t\t<div class=\"elementor-element elementor-element-ca66b1c elementor-widget elementor-widget-spacer\" data-id=\"ca66b1c\" data-element_type=\"widget\" data-e-type=\"widget\" data-widget_type=\"spacer.default\">\n\t\t\t\t<div class=\"elementor-widget-container\">\n\t\t\t\t\t\t\t<div class=\"elementor-spacer\">\n\t\t\t<div class=\"elementor-spacer-inner\"><\/div>\n\t\t<\/div>\n\t\t\t\t\t\t<\/div>\n\t\t\t\t<\/div>\n\t\t\t\t<div class=\"elementor-element elementor-element-108b8d5 elementor-widget elementor-widget-image\" data-id=\"108b8d5\" data-element_type=\"widget\" data-e-type=\"widget\" data-widget_type=\"image.default\">\n\t\t\t\t<div class=\"elementor-widget-container\">\n\t\t\t\t\t\t\t\t\t\t\t\t\t\t\t<img decoding=\"async\" width=\"1010\" height=\"762\" src=\"https:\/\/arnenilssonab.se\/wp-content\/uploads\/2021\/11\/Screenshot-2021-11-19-at-13.23.42.png\" class=\"attachment-large size-large wp-image-3863\" alt=\"\" srcset=\"https:\/\/arnenilssonab.se\/wp-content\/uploads\/2021\/11\/Screenshot-2021-11-19-at-13.23.42.png 1010w, https:\/\/arnenilssonab.se\/wp-content\/uploads\/2021\/11\/Screenshot-2021-11-19-at-13.23.42-300x226.png 300w, https:\/\/arnenilssonab.se\/wp-content\/uploads\/2021\/11\/Screenshot-2021-11-19-at-13.23.42-768x579.png 768w\" sizes=\"(max-width: 1010px) 100vw, 1010px\" \/>\t\t\t\t\t\t\t\t\t\t\t\t\t\t\t<\/div>\n\t\t\t\t<\/div>\n\t\t\t\t<div class=\"elementor-element elementor-element-e94a188 elementor-widget elementor-widget-spacer\" data-id=\"e94a188\" data-element_type=\"widget\" data-e-type=\"widget\" data-widget_type=\"spacer.default\">\n\t\t\t\t<div class=\"elementor-widget-container\">\n\t\t\t\t\t\t\t<div class=\"elementor-spacer\">\n\t\t\t<div class=\"elementor-spacer-inner\"><\/div>\n\t\t<\/div>\n\t\t\t\t\t\t<\/div>\n\t\t\t\t<\/div>\n\t\t\t\t<div class=\"elementor-element elementor-element-1a2b149 elementor-widget elementor-widget-text-editor\" data-id=\"1a2b149\" data-element_type=\"widget\" data-e-type=\"widget\" data-widget_type=\"text-editor.default\">\n\t\t\t\t<div class=\"elementor-widget-container\">\n\t\t\t\t\t\t\t\t\t<p><em>Borgviks kyrka \u00e4r en enskeppig salskyrka med vidbyggt gravkapell. Kyrkan invigdes 1718. Det \u00e4r en popul\u00e4r vigsel- och dopkyrka. I b\u00f6rjan av 1800-talet fick kyrkan nya spetsb\u00e5gade f\u00f6nster. 1989 renoverades f\u00f6nstren. Det runda tornf\u00f6nstret \u00e4r av \u00e4ldre datum. H\u00e4r \u00e4r en bild av kyrkan under p\u00e5g\u00e5ende f\u00f6nsterrenovering 2006<\/em><\/p>\t\t\t\t\t\t\t\t<\/div>\n\t\t\t\t<\/div>\n\t\t\t\t\t<\/div>\n\t\t<\/div>\n\t\t\t\t<div class=\"elementor-column elementor-col-50 elementor-top-column elementor-element elementor-element-28890e9\" data-id=\"28890e9\" data-element_type=\"column\" data-e-type=\"column\">\n\t\t\t<div class=\"elementor-widget-wrap elementor-element-populated\">\n\t\t\t\t\t\t<div class=\"elementor-element elementor-element-30c8de0 elementor-widget elementor-widget-text-editor\" data-id=\"30c8de0\" data-element_type=\"widget\" data-e-type=\"widget\" data-widget_type=\"text-editor.default\">\n\t\t\t\t<div class=\"elementor-widget-container\">\n\t\t\t\t\t\t\t\t\t<p>Eftersatt underh\u00e5ll drar ofta med sig on\u00f6digt stora kostnader. Att renovera i tid, \u00e4r ett mycket bra s\u00e4tt att spara pengar. Brister i f\u00f6nsterstandarden ger \u00e4ven on\u00f6digt dyra driftskostnader. En stor del av v\u00e4rmen (ca 35%) f\u00f6rsvinner ut genom f\u00f6nstren. Det g\u00e5r med enkla medel att f\u00f6rb\u00e4ttra detta.<\/p><p>Att vidta energibesparings\u00e5tg\u00e4rder \u00e4r att vara h\u00f6gst milj\u00f6medveten! Att se \u00f6ver f\u00f6nsterstatusen nu \u00e4r en viktig investering, dels f\u00f6r kommande generationer, dels ur ekonomisk synvinkel och inte minst f\u00f6r v\u00e5r globala milj\u00f6!<\/p><p>Att f\u00f6rvalta och \u00e4ga en kulturbyggnad \u00e4r ett stort ansvar som m\u00e5nga g\u00e5nger kr\u00e4ver specialkompetens. Vi p\u00e5 Arne Nilsson innehar just denna kompetens n\u00e4r det g\u00e4ller f\u00f6nsterrenoveringar.<\/p><p>Vi har egen v\u00e4lutrustad f\u00f6nsterrenoveringsverkstad med moderna maskiner och verktyg. V\u00e5ra medarbetare har gedigen utbildning, beh\u00e4rskar m\u00e5nga m\u00e5leritekniker, f\u00e4rgsystem och har l\u00e5ng erfarenhet inom branchen. Vi arbetar f\u00f6r att bevara byggnadens karakt\u00e4r och renoverar genuint och hantverksm\u00e4ssigt.<\/p><p>Vi renoverar f\u00f6nster \u00e5ret runt och er verksamhet kan fortl\u00f6pande bedrivas i era lokaler. F\u00f6nstren renoveras i v\u00e5r f\u00f6nsterverkstad utan p\u00e5verkan av regn, sol eller kyla, som kan st\u00f6ra slutresultatet. Vi utf\u00f6r tr\u00e4reparationer, tillverkar nya f\u00f6nsterb\u00e5gar och karmar om det skulle beh\u00f6vas. Om byggnadens karakt\u00e4r till\u00e5ter kan man g\u00f6ra olika typer av energibesparande \u00e5tg\u00e4rder, exempelvis l\u00e5gemmissionsglas och isolerrutor.<\/p><p>All bearbetning av f\u00f6nstren som glas, tr\u00e4reparationer och m\u00e5leri sker under v\u00e5rt totalansvar. Under tiden som f\u00f6nsterb\u00e5gen bearbetas i verkstaden skyddas f\u00f6nsterkarmen av ett f\u00f6nsterskydd som ocks\u00e5 g\u00f6r det m\u00f6jligt att arbeta med f\u00f6nsterkarmen i inomhusklimat, oavsett v\u00e4der och \u00e5rstid.<\/p>\t\t\t\t\t\t\t\t<\/div>\n\t\t\t\t<\/div>\n\t\t\t\t\t<\/div>\n\t\t<\/div>\n\t\t\t\t\t<\/div>\n\t\t<\/section>\n\t\t\t\t<section class=\"elementor-section elementor-top-section elementor-element elementor-element-f48ebc9 elementor-section-boxed elementor-section-height-default elementor-section-height-default\" data-id=\"f48ebc9\" data-element_type=\"section\" data-e-type=\"section\">\n\t\t\t\t\t\t<div class=\"elementor-container elementor-column-gap-default\">\n\t\t\t\t\t<div class=\"elementor-column elementor-col-100 elementor-top-column elementor-element elementor-element-5ce80ae\" data-id=\"5ce80ae\" data-element_type=\"column\" data-e-type=\"column\">\n\t\t\t<div class=\"elementor-widget-wrap elementor-element-populated\">\n\t\t\t\t\t\t<div class=\"elementor-element elementor-element-48bef1c elementor-widget elementor-widget-spacer\" data-id=\"48bef1c\" data-element_type=\"widget\" data-e-type=\"widget\" data-widget_type=\"spacer.default\">\n\t\t\t\t<div class=\"elementor-widget-container\">\n\t\t\t\t\t\t\t<div class=\"elementor-spacer\">\n\t\t\t<div class=\"elementor-spacer-inner\"><\/div>\n\t\t<\/div>\n\t\t\t\t\t\t<\/div>\n\t\t\t\t<\/div>\n\t\t\t\t\t<\/div>\n\t\t<\/div>\n\t\t\t\t\t<\/div>\n\t\t<\/section>\n\t\t\t\t<\/div>\n\t\t","protected":false},"excerpt":{"rendered":"<p>Kulturarvet &#8211; allas v\u00e5rt ansvar Kyrkor, kapell, f\u00f6rsamlingshem, pastorsbost\u00e4der och andra kulturbyggnader har vi till l\u00e5ns och ansvaret f\u00f6r tills vi l\u00e4mnar \u00f6ver till kommande generationer. Vi kan inte bara f\u00f6rvalta och bruka dessa, vi m\u00e5ste ocks\u00e5 ta ansvar f\u00f6r att byggnaderna bevaras p\u00e5 ett f\u00f6r dessa tidstypiskt och kulturhistoriskt riktigt s\u00e4tt och att de&hellip;<\/p>\n","protected":false},"author":1,"featured_media":3852,"parent":0,"menu_order":0,"comment_status":"closed","ping_status":"closed","template":"","meta":{"_monsterinsights_skip_tracking":false,"_monsterinsights_sitenote_active":false,"_monsterinsights_sitenote_note":"","_monsterinsights_sitenote_category":0,"footnotes":""},"class_list":["post-3856","page","type-page","status-publish","has-post-thumbnail","hentry"],"_links":{"self":[{"href":"https:\/\/arnenilssonab.se\/index.php\/wp-json\/wp\/v2\/pages\/3856","targetHints":{"allow":["GET"]}}],"collection":[{"href":"https:\/\/arnenilssonab.se\/index.php\/wp-json\/wp\/v2\/pages"}],"about":[{"href":"https:\/\/arnenilssonab.se\/index.php\/wp-json\/wp\/v2\/types\/page"}],"author":[{"embeddable":true,"href":"https:\/\/arnenilssonab.se\/index.php\/wp-json\/wp\/v2\/users\/1"}],"replies":[{"embeddable":true,"href":"https:\/\/arnenilssonab.se\/index.php\/wp-json\/wp\/v2\/comments?post=3856"}],"version-history":[{"count":17,"href":"https:\/\/arnenilssonab.se\/index.php\/wp-json\/wp\/v2\/pages\/3856\/revisions"}],"predecessor-version":[{"id":3878,"href":"https:\/\/arnenilssonab.se\/index.php\/wp-json\/wp\/v2\/pages\/3856\/revisions\/3878"}],"wp:featuredmedia":[{"embeddable":true,"href":"https:\/\/arnenilssonab.se\/index.php\/wp-json\/wp\/v2\/media\/3852"}],"wp:attachment":[{"href":"https:\/\/arnenilssonab.se\/index.php\/wp-json\/wp\/v2\/media?parent=3856"}],"curies":[{"name":"wp","href":"https:\/\/api.w.org\/{rel}","templated":true}]}}